{"id":709,"date":"2022-11-29T10:10:07","date_gmt":"2022-11-29T09:10:07","guid":{"rendered":"https:\/\/b-e-e-consulting.de\/?page_id=709"},"modified":"2023-10-16T12:40:20","modified_gmt":"2023-10-16T10:40:20","slug":"ueber-uns","status":"publish","type":"page","link":"https:\/\/b-e-e-consulting.de\/?page_id=709","title":{"rendered":"\u00dcBER UNS"},"content":{"rendered":"\t\t<div data-elementor-type=\"wp-page\" data-elementor-id=\"709\" class=\"elementor elementor-709\">\n\t\t\t\t\t\t\t\t\t<section class=\"elementor-section elementor-top-section elementor-element elementor-element-6e3a666 elementor-section-full_width elementor-section-height-min-height elementor-section-stretched elementor-section-height-default elementor-section-items-middle\" data-id=\"6e3a666\" data-element_type=\"section\" data-settings=\"{&quot;stretch_section&quot;:&quot;section-stretched&quot;,&quot;background_background&quot;:&quot;classic&quot;}\">\n\t\t\t\t\t\t\t<div class=\"elementor-background-overlay\"><\/div>\n\t\t\t\t\t\t\t<div class=\"elementor-container elementor-column-gap-default\">\n\t\t\t\t\t<div class=\"elementor-column elementor-col-100 elementor-top-column elementor-element elementor-element-93cf48e\" data-id=\"93cf48e\" data-element_type=\"column\">\n\t\t\t<div class=\"elementor-widget-wrap\">\n\t\t\t\t\t\t\t\t\t<\/div>\n\t\t<\/div>\n\t\t\t\t\t\t\t<\/div>\n\t\t<\/section>\n\t\t\t\t<section class=\"elementor-section elementor-top-section elementor-element elementor-element-2088e4f elementor-section-full_width elementor-section-stretched elementor-hidden-tablet elementor-hidden-mobile elementor-section-height-default elementor-section-height-default\" data-id=\"2088e4f\" data-element_type=\"section\" data-settings=\"{&quot;stretch_section&quot;:&quot;section-stretched&quot;}\">\n\t\t\t\t\t\t<div class=\"elementor-container elementor-column-gap-default\">\n\t\t\t\t\t<div class=\"elementor-column elementor-col-100 elementor-top-column elementor-element elementor-element-8c3b545\" data-id=\"8c3b545\" data-element_type=\"column\">\n\t\t\t<div class=\"elementor-widget-wrap\">\n\t\t\t\t\t\t\t\t\t<\/div>\n\t\t<\/div>\n\t\t\t\t\t\t\t<\/div>\n\t\t<\/section>\n\t\t\t\t<section class=\"elementor-section elementor-top-section elementor-element elementor-element-95a80f9 elementor-section-full_width elementor-section-height-min-height elementor-section-stretched elementor-section-height-default elementor-section-items-middle\" data-id=\"95a80f9\" data-element_type=\"section\" data-settings=\"{&quot;stretch_section&quot;:&quot;section-stretched&quot;,&quot;background_background&quot;:&quot;classic&quot;}\">\n\t\t\t\t\t\t\t<div class=\"elementor-background-overlay\"><\/div>\n\t\t\t\t\t\t\t<div class=\"elementor-container elementor-column-gap-default\">\n\t\t\t\t\t<div class=\"elementor-column elementor-col-100 elementor-top-column elementor-element elementor-element-223e824\" data-id=\"223e824\" data-element_type=\"column\">\n\t\t\t<div class=\"elementor-widget-wrap elementor-element-populated\">\n\t\t\t\t\t\t\t\t<section class=\"elementor-section elementor-inner-section elementor-element elementor-element-bb3ff36 elementor-section-height-min-height elementor-section-boxed elementor-section-height-default\" data-id=\"bb3ff36\" data-element_type=\"section\" data-settings=\"{&quot;background_background&quot;:&quot;classic&quot;}\">\n\t\t\t\t\t\t\t<div class=\"elementor-background-overlay\"><\/div>\n\t\t\t\t\t\t\t<div class=\"elementor-container elementor-column-gap-default\">\n\t\t\t\t\t<div class=\"elementor-column elementor-col-50 elementor-inner-column elementor-element elementor-element-ced197c\" data-id=\"ced197c\" data-element_type=\"column\" data-settings=\"{&quot;background_background&quot;:&quot;classic&quot;}\">\n\t\t\t<div class=\"elementor-widget-wrap elementor-element-populated\">\n\t\t\t\t\t\t\t\t<div class=\"elementor-element elementor-element-5fc1a88 elementor-widget elementor-widget-text-editor\" data-id=\"5fc1a88\" data-element_type=\"widget\" data-widget_type=\"text-editor.default\">\n\t\t\t\t<div class=\"elementor-widget-container\">\n\t\t\t<style>\/*! elementor - v3.16.0 - 09-10-2023 *\/\n.elementor-widget-text-editor.elementor-drop-cap-view-stacked .elementor-drop-cap{background-color:#69727d;color:#fff}.elementor-widget-text-editor.elementor-drop-cap-view-framed .elementor-drop-cap{color:#69727d;border:3px solid;background-color:transparent}.elementor-widget-text-editor:not(.elementor-drop-cap-view-default) .elementor-drop-cap{margin-top:8px}.elementor-widget-text-editor:not(.elementor-drop-cap-view-default) .elementor-drop-cap-letter{width:1em;height:1em}.elementor-widget-text-editor .elementor-drop-cap{float:left;text-align:center;line-height:1;font-size:50px}.elementor-widget-text-editor .elementor-drop-cap-letter{display:inline-block}<\/style>\t\t\t\t<p>\u00dcBER B.E.E.<\/p>\t\t\t\t\t\t<\/div>\n\t\t\t\t<\/div>\n\t\t\t\t\t<\/div>\n\t\t<\/div>\n\t\t\t\t<div class=\"elementor-column elementor-col-50 elementor-inner-column elementor-element elementor-element-7182bfd\" data-id=\"7182bfd\" data-element_type=\"column\" data-settings=\"{&quot;background_background&quot;:&quot;slideshow&quot;,&quot;background_slideshow_gallery&quot;:[{&quot;id&quot;:660,&quot;url&quot;:&quot;https:\\\/\\\/b-e-e-consulting.de\\\/wp-content\\\/uploads\\\/2022\\\/11\\\/GOeL_Plant-Air-01.jpg&quot;},{&quot;id&quot;:655,&quot;url&quot;:&quot;https:\\\/\\\/b-e-e-consulting.de\\\/wp-content\\\/uploads\\\/2022\\\/11\\\/DSC00665.jpg&quot;},{&quot;id&quot;:651,&quot;url&quot;:&quot;https:\\\/\\\/b-e-e-consulting.de\\\/wp-content\\\/uploads\\\/2022\\\/11\\\/DSC00638.jpg&quot;},{&quot;id&quot;:646,&quot;url&quot;:&quot;https:\\\/\\\/b-e-e-consulting.de\\\/wp-content\\\/uploads\\\/2022\\\/11\\\/Bild-133.jpg&quot;}],&quot;background_slideshow_slide_duration&quot;:3000,&quot;background_slideshow_transition_duration&quot;:1000,&quot;background_slideshow_loop&quot;:&quot;yes&quot;,&quot;background_slideshow_slide_transition&quot;:&quot;fade&quot;}\">\n\t\t\t<div class=\"elementor-widget-wrap\">\n\t\t\t\t\t\t\t\t\t<\/div>\n\t\t<\/div>\n\t\t\t\t\t\t\t<\/div>\n\t\t<\/section>\n\t\t\t\t<div class=\"elementor-element elementor-element-4f93db8 elementor-widget elementor-widget-spacer\" data-id=\"4f93db8\" data-element_type=\"widget\" data-widget_type=\"spacer.default\">\n\t\t\t\t<div class=\"elementor-widget-container\">\n\t\t\t<style>\/*! elementor - v3.16.0 - 09-10-2023 *\/\n.elementor-column .elementor-spacer-inner{height:var(--spacer-size)}.e-con{--container-widget-width:100%}.e-con-inner>.elementor-widget-spacer,.e-con>.elementor-widget-spacer{width:var(--container-widget-width,var(--spacer-size));--align-self:var(--container-widget-align-self,initial);--flex-shrink:0}.e-con-inner>.elementor-widget-spacer>.elementor-widget-container,.e-con>.elementor-widget-spacer>.elementor-widget-container{height:100%;width:100%}.e-con-inner>.elementor-widget-spacer>.elementor-widget-container>.elementor-spacer,.e-con>.elementor-widget-spacer>.elementor-widget-container>.elementor-spacer{height:100%}.e-con-inner>.elementor-widget-spacer>.elementor-widget-container>.elementor-spacer>.elementor-spacer-inner,.e-con>.elementor-widget-spacer>.elementor-widget-container>.elementor-spacer>.elementor-spacer-inner{height:var(--container-widget-height,var(--spacer-size))}.e-con-inner>.elementor-widget-spacer.elementor-widget-empty,.e-con>.elementor-widget-spacer.elementor-widget-empty{position:relative;min-height:22px;min-width:22px}.e-con-inner>.elementor-widget-spacer.elementor-widget-empty .elementor-widget-empty-icon,.e-con>.elementor-widget-spacer.elementor-widget-empty .elementor-widget-empty-icon{position:absolute;top:0;bottom:0;left:0;right:0;margin:auto;padding:0;width:22px;height:22px}<\/style>\t\t<div class=\"elementor-spacer\">\n\t\t\t<div class=\"elementor-spacer-inner\"><\/div>\n\t\t<\/div>\n\t\t\t\t<\/div>\n\t\t\t\t<\/div>\n\t\t\t\t<div class=\"elementor-element elementor-element-5da2248 elementor-widget elementor-widget-spacer\" data-id=\"5da2248\" data-element_type=\"widget\" data-widget_type=\"spacer.default\">\n\t\t\t\t<div class=\"elementor-widget-container\">\n\t\t\t\t\t<div class=\"elementor-spacer\">\n\t\t\t<div class=\"elementor-spacer-inner\"><\/div>\n\t\t<\/div>\n\t\t\t\t<\/div>\n\t\t\t\t<\/div>\n\t\t\t\t<section class=\"elementor-section elementor-inner-section elementor-element elementor-element-5786ce2 elementor-section-height-min-height animated-slow elementor-section-boxed elementor-section-height-default\" data-id=\"5786ce2\" data-element_type=\"section\" data-settings=\"{&quot;background_background&quot;:&quot;classic&quot;,&quot;animation&quot;:&quot;none&quot;}\">\n\t\t\t\t\t\t<div class=\"elementor-container elementor-column-gap-default\">\n\t\t\t\t\t<div class=\"elementor-column elementor-col-100 elementor-inner-column elementor-element elementor-element-0010824\" data-id=\"0010824\" data-element_type=\"column\" data-settings=\"{&quot;background_background&quot;:&quot;classic&quot;}\">\n\t\t\t<div class=\"elementor-widget-wrap elementor-element-populated\">\n\t\t\t\t\t<div class=\"elementor-background-overlay\"><\/div>\n\t\t\t\t\t\t\t\t<div class=\"elementor-element elementor-element-733b8f0 elementor-widget elementor-widget-text-editor\" data-id=\"733b8f0\" data-element_type=\"widget\" data-widget_type=\"text-editor.default\">\n\t\t\t\t<div class=\"elementor-widget-container\">\n\t\t\t\t\t\t\t<p>Wirtschaftliche T\u00e4tigkeit bedeutet, begrenzt verf\u00fcgbare Ressourcen m\u00f6glichst \u00f6konomisch einzusetzen. \u00a0Dies ist auch beim Betrieb verfahrenstechnischer Anlagen von gro\u00dfer Bedeutung. Angesichts der oft hohen und langfristigen Kapitalbindung von Anlagen ist es von entscheidender Bedeutung, dass sie in der Lage sind, mit m\u00f6glichst geringen Kosten und hoher Zuverl\u00e4ssigkeit betrieben zu werden. <br \/>Dies erfordert eine sorgf\u00e4ltige Planung und Konzeption der Anlage sowie eine regelm\u00e4\u00dfige \u00dcberwachung und Optimierung der Prozessabl\u00e4ufe. Es ist wichtig, die Prozesse so zu gestalten, dass sie die Anforderungen der Produktion erf\u00fcllen, aber auch die Kapital- und Betriebskosten minimieren.<\/p>\t\t\t\t\t\t<\/div>\n\t\t\t\t<\/div>\n\t\t\t\t<div class=\"elementor-element elementor-element-8ccae0b animated-slow elementor-drop-cap-yes elementor-hidden-desktop elementor-hidden-tablet elementor-drop-cap-view-default elementor-invisible elementor-widget elementor-widget-text-editor\" data-id=\"8ccae0b\" data-element_type=\"widget\" data-settings=\"{&quot;_animation&quot;:&quot;fadeInUp&quot;,&quot;_animation_delay&quot;:100,&quot;drop_cap&quot;:&quot;yes&quot;}\" data-widget_type=\"text-editor.default\">\n\t\t\t\t<div class=\"elementor-widget-container\">\n\t\t\t\t\t\t\t<div><p>Dazu kann eine Vielzahl von Ma\u00dfnahmen ergriffen werden, wie z.B. die Wahl geeigneter Technologien, die Optimierung von Energieverbrauch und Materialfluss, die Einf\u00fchrung von Automatisierungstechnik oder die Anwendung von Lean-Prinzipien. Eine umfassende Risikoanalyse kann auch dazu beitragen, potenzielle Schwachstellen und Risiken im Prozess zu identifizieren und zu minimieren.<\/p><p>Es ist jedoch auch wichtig, die langfristige Perspektive im Auge zu behalten. Die Investitionen in die Anlage sollten nicht nur kurzfristige Gewinne im Fokus haben, sondern auch darauf abzielen, langfristig rentabel zu sein und \u00f6kologisch nachhaltig zu agieren. Eine Investition in hochwertige und langlebige Anlagenkomponenten, die regelm\u00e4\u00dfig gewartet und modernisiert werden, kann langfristig zu Einsparungen bei Betriebs- und Wartungskosten f\u00fchren.<\/p><p>\u00a0\u00a0\u00a0\u00a0 \u00a0\u00a0 \u2022 \u2022 \u2022\u00a0 \u00a0\u00a0\u00a0\u00a0\u00a0\u00a0\u00a0\u00a0\u00a0\u00a0\u00a0\u00a0\u00a0\u00a0\u00a0\u00a0\u00a0\u00a0\u00a0\u00a0\u00a0\u00a0\u00a0\u00a0\u00a0\u00a0\u00a0\u00a0\u00a0\u00a0\u00a0\u00a0\u00a0\u00a0 <\/p><p>Durch unsere Zusammenarbeit mit verschiedensten internationalen Unternehmen der Schwerindustrie und unser weltweit aufgebautes Netzwerk von Ingenieur*innen und weiteren Fachkr\u00e4ften, k\u00f6nnen wir Ihr Unternehmen mit breit aufgestellter Expertise unterst\u00fctzen und legen unseren Schwerpunkt dabei auf Ihre spezifischen W\u00fcnsche und Anforderungen.<\/p><\/div><p>Kunden der B.E.E. wertsch\u00e4tzen insbesondere unser praxisfundiertes Wissen, unsere ergebnisorientierte Arbeitsweise bei\u00a0 transparent angelegter Kommunikation und die stete terminliche Einhaltung der angeforderten Dienstleistungen.<\/p><div>B.E.E. Services &amp; Consulting wurde wurde 2017 von Dipl.-Ing. <a href=\"https:\/\/de.linkedin.com\/in\/burkhard-engelke-b7abbb41\"><span style=\"text-decoration: underline;\"><span style=\"color: #ffffff; text-decoration: underline;\">Burkhard Engelke<\/span><\/span> <\/a>gegr\u00fcndet.<\/div><div>\u00a0<\/div><div>\u00a0<\/div>\t\t\t\t\t\t<\/div>\n\t\t\t\t<\/div>\n\t\t\t\t<div class=\"elementor-element elementor-element-290a034 animated-slow elementor-hidden-mobile elementor-invisible elementor-widget elementor-widget-text-editor\" data-id=\"290a034\" data-element_type=\"widget\" data-settings=\"{&quot;_animation&quot;:&quot;fadeInUp&quot;,&quot;_animation_delay&quot;:100}\" data-widget_type=\"text-editor.default\">\n\t\t\t\t<div class=\"elementor-widget-container\">\n\t\t\t\t\t\t\t<div>\n<p>Dazu kann eine Vielzahl von Ma\u00dfnahmen ergriffen werden, wie z.B. die Wahl geeigneter Technologien, die Optimierung von Energieverbrauch und Materialfluss, die Einf\u00fchrung von Automatisierungstechnik oder die Anwendung von Lean-Prinzipien. Eine umfassende Risikoanalyse kann auch dazu beitragen, potenzielle Schwachstellen und Risiken im Prozess zu identifizieren und zu minimieren.<\/p>\n<p>Es ist jedoch auch wichtig, die langfristige Perspektive im Auge zu behalten. Die Investitionen in die Anlage sollten nicht nur kurzfristige Gewinne im Fokus haben, sondern auch darauf abzielen, langfristig rentabel zu sein und \u00f6kologisch nachhaltig zu agieren. Eine Investition in hochwertige und langlebige Anlagenkomponenten, die regelm\u00e4\u00dfig gewartet und modernisiert werden, kann langfristig zu Einsparungen bei Betriebs- und Wartungskosten f\u00fchren.<\/p>\n<\/div>\n<div>&nbsp;<\/div>\n<div><br><\/div>\n<p>Durch unsere Zusammenarbeit mit verschiedensten internationalen Unternehmen der Schwerindustrie und unser weltweit aufgebautes Netzwerk von Ingenieur*innen und weiteren Fachkr\u00e4ften, k\u00f6nnen wir Ihr Unternehmen mit breit aufgestellter Expertise unterst\u00fctzen und legen unseren Schwerpunkt dabei auf Ihre spezifischen W\u00fcnsche und Anforderungen.<\/p>\n<p>Kunden der B.E.E. wertsch\u00e4tzen insbesondere unser praxisfundiertes Wissen, unsere ergebnisorientierte Arbeitsweise bei&nbsp; transparent angelegter Kommunikation und die stete terminliche Einhaltung der angeforderten Dienstleistungen.<\/p>\n<div>B.E.E. Services &amp; Consulting wurde wurde 2017 von Dipl.-Ing. <a href=\"https:\/\/de.linkedin.com\/in\/burkhard-engelke-b7abbb41\"><span style=\"text-decoration: underline;\"><span style=\"color: #ffffff; text-decoration: underline;\">Burkhard Engelke<\/span><\/span> <\/a>gegr\u00fcndet.<\/div>\n<div>&nbsp;<\/div>\n<div>&nbsp;<\/div>\t\t\t\t\t\t<\/div>\n\t\t\t\t<\/div>\n\t\t\t\t<div class=\"elementor-element elementor-element-a677367 elementor-align-right elementor-widget elementor-widget-button\" data-id=\"a677367\" data-element_type=\"widget\" data-widget_type=\"button.default\">\n\t\t\t\t<div class=\"elementor-widget-container\">\n\t\t\t\t\t<div class=\"elementor-button-wrapper\">\n\t\t\t<a class=\"elementor-button elementor-button-link elementor-size-lg\" href=\"https:\/\/b-e-e-consulting.de\/?page_id=11\">\n\t\t\t\t\t\t<span class=\"elementor-button-content-wrapper\">\n\t\t\t\t\t\t<span class=\"elementor-button-text\">zu unseren Dienstleistungen \u2192<\/span>\n\t\t<\/span>\n\t\t\t\t\t<\/a>\n\t\t<\/div>\n\t\t\t\t<\/div>\n\t\t\t\t<\/div>\n\t\t\t\t<div class=\"elementor-element elementor-element-edbc370 elementor-widget elementor-widget-spacer\" data-id=\"edbc370\" data-element_type=\"widget\" data-widget_type=\"spacer.default\">\n\t\t\t\t<div class=\"elementor-widget-container\">\n\t\t\t\t\t<div class=\"elementor-spacer\">\n\t\t\t<div class=\"elementor-spacer-inner\"><\/div>\n\t\t<\/div>\n\t\t\t\t<\/div>\n\t\t\t\t<\/div>\n\t\t\t\t<div class=\"elementor-element elementor-element-c77d4cd elementor-widget elementor-widget-spacer\" data-id=\"c77d4cd\" data-element_type=\"widget\" data-widget_type=\"spacer.default\">\n\t\t\t\t<div class=\"elementor-widget-container\">\n\t\t\t\t\t<div class=\"elementor-spacer\">\n\t\t\t<div class=\"elementor-spacer-inner\"><\/div>\n\t\t<\/div>\n\t\t\t\t<\/div>\n\t\t\t\t<\/div>\n\t\t\t\t\t<\/div>\n\t\t<\/div>\n\t\t\t\t\t\t\t<\/div>\n\t\t<\/section>\n\t\t\t\t\t<\/div>\n\t\t<\/div>\n\t\t\t\t\t\t\t<\/div>\n\t\t<\/section>\n\t\t\t\t<section class=\"elementor-section elementor-top-section elementor-element elementor-element-aacbbfe elementor-section-full_width elementor-section-height-min-height elementor-section-stretched elementor-section-height-default elementor-section-items-middle\" data-id=\"aacbbfe\" data-element_type=\"section\" data-settings=\"{&quot;stretch_section&quot;:&quot;section-stretched&quot;,&quot;background_background&quot;:&quot;classic&quot;}\">\n\t\t\t\t\t\t<div class=\"elementor-container elementor-column-gap-default\">\n\t\t\t\t\t<div class=\"elementor-column elementor-col-100 elementor-top-column elementor-element elementor-element-67771e8\" data-id=\"67771e8\" data-element_type=\"column\">\n\t\t\t<div class=\"elementor-widget-wrap\">\n\t\t\t\t\t\t\t\t\t<\/div>\n\t\t<\/div>\n\t\t\t\t\t\t\t<\/div>\n\t\t<\/section>\n\t\t\t\t\t\t\t<\/div>\n\t\t","protected":false},"excerpt":{"rendered":"<p>\u00dcBER B.E.E. Wirtschaftliche T\u00e4tigkeit bedeutet, begrenzt verf\u00fcgbare Ressourcen m\u00f6glichst \u00f6konomisch einzusetzen. \u00a0Dies ist auch beim Betrieb verfahrenstechnischer Anlagen von gro\u00dfer Bedeutung. Angesichts der oft hohen und langfristigen Kapitalbindung von Anlagen ist es von entscheidender Bedeutung, dass sie in der Lage sind, mit m\u00f6glichst geringen Kosten und hoher Zuverl\u00e4ssigkeit betrieben zu werden. Dies erfordert eine sorgf\u00e4ltige [&hellip;]<\/p>\n","protected":false},"author":1,"featured_media":0,"parent":0,"menu_order":0,"comment_status":"closed","ping_status":"closed","template":"","meta":{"footnotes":""},"class_list":["post-709","page","type-page","status-publish","hentry","entry"],"_links":{"self":[{"href":"https:\/\/b-e-e-consulting.de\/index.php?rest_route=\/wp\/v2\/pages\/709","targetHints":{"allow":["GET"]}}],"collection":[{"href":"https:\/\/b-e-e-consulting.de\/index.php?rest_route=\/wp\/v2\/pages"}],"about":[{"href":"https:\/\/b-e-e-consulting.de\/index.php?rest_route=\/wp\/v2\/types\/page"}],"author":[{"embeddable":true,"href":"https:\/\/b-e-e-consulting.de\/index.php?rest_route=\/wp\/v2\/users\/1"}],"replies":[{"embeddable":true,"href":"https:\/\/b-e-e-consulting.de\/index.php?rest_route=%2Fwp%2Fv2%2Fcomments&post=709"}],"version-history":[{"count":319,"href":"https:\/\/b-e-e-consulting.de\/index.php?rest_route=\/wp\/v2\/pages\/709\/revisions"}],"predecessor-version":[{"id":2553,"href":"https:\/\/b-e-e-consulting.de\/index.php?rest_route=\/wp\/v2\/pages\/709\/revisions\/2553"}],"wp:attachment":[{"href":"https:\/\/b-e-e-consulting.de\/index.php?rest_route=%2Fwp%2Fv2%2Fmedia&parent=709"}],"curies":[{"name":"wp","href":"https:\/\/api.w.org\/{rel}","templated":true}]}}